{"id":142,"date":"2025-09-09T16:26:13","date_gmt":"2025-09-09T14:26:13","guid":{"rendered":"https:\/\/www.maylisdealmeida.fr\/?page_id=142"},"modified":"2025-09-13T16:22:07","modified_gmt":"2025-09-13T14:22:07","slug":"accueil-2","status":"publish","type":"page","link":"https:\/\/www.maylisdealmeida.fr\/","title":{"rendered":"Accueil"},"content":{"rendered":"\t\t<div data-elementor-type=\"wp-page\" data-elementor-id=\"142\" class=\"elementor elementor-142\" data-elementor-post-type=\"page\">\n\t\t\t\t<div class=\"elementor-element elementor-element-fc54015 e-flex e-con-boxed e-con e-parent\" data-id=\"fc54015\" data-element_type=\"container\">\n\t\t\t\t\t<div class=\"e-con-inner\">\n\t\t<div class=\"elementor-element elementor-element-889d9e5 e-con-full e-flex e-con e-child\" data-id=\"889d9e5\" data-element_type=\"container\">\n\t\t\t\t<div class=\"elementor-element elementor-element-4ff9b4c elementor-widget__width-initial elementor-widget elementor-widget-heading\" data-id=\"4ff9b4c\" data-element_type=\"widget\" data-widget_type=\"heading.default\">\n\t\t\t\t<div class=\"elementor-widget-container\">\n\t\t\t\t\t<h2 class=\"elementor-heading-title elementor-size-default\">Vous accompagner dans la gestion<\/h2>\t\t\t\t<\/div>\n\t\t\t\t<\/div>\n\t\t<div class=\"elementor-element elementor-element-20725d9 e-con-full e-flex e-con e-child\" data-id=\"20725d9\" data-element_type=\"container\">\n\t\t\t\t<div class=\"elementor-element elementor-element-501ac9d elementor-view-default elementor-widget elementor-widget-icon\" data-id=\"501ac9d\" data-element_type=\"widget\" data-widget_type=\"icon.default\">\n\t\t\t\t<div class=\"elementor-widget-container\">\n\t\t\t\t\t\t\t<div class=\"elementor-icon-wrapper\">\n\t\t\t<div class=\"elementor-icon\">\n\t\t\t<svg aria-hidden=\"true\" class=\"e-font-icon-svg e-fas-circle\" viewBox=\"0 0 512 512\" xmlns=\"http:\/\/www.w3.org\/2000\/svg\"><path d=\"M256 8C119 8 8 119 8 256s111 248 248 248 248-111 248-248S393 8 256 8z\"><\/path><\/svg>\t\t\t<\/div>\n\t\t<\/div>\n\t\t\t\t\t\t<\/div>\n\t\t\t\t<\/div>\n\t\t\t\t<div class=\"elementor-element elementor-element-a4e779c elementor-widget-mobile__width-initial elementor-widget elementor-widget-heading\" data-id=\"a4e779c\" data-element_type=\"widget\" data-widget_type=\"heading.default\">\n\t\t\t\t<div class=\"elementor-widget-container\">\n\t\t\t\t\t<h3 class=\"elementor-heading-title elementor-size-default\">A travers la non violence active et la pratique narrative<\/h3>\t\t\t\t<\/div>\n\t\t\t\t<\/div>\n\t\t\t\t<\/div>\n\t\t\t\t<\/div>\n\t\t\t\t<div class=\"elementor-element elementor-element-c64374e elementor-widget elementor-widget-image\" data-id=\"c64374e\" data-element_type=\"widget\" data-widget_type=\"image.default\">\n\t\t\t\t<div class=\"elementor-widget-container\">\n\t\t\t\t\t\t\t\t\t\t\t\t\t\t\t<img fetchpriority=\"high\" decoding=\"async\" width=\"200\" height=\"300\" src=\"https:\/\/www.maylisdealmeida.fr\/wp-content\/uploads\/2025\/09\/Maylis-13-sur-14-200x300.jpeg\" class=\"attachment-medium size-medium wp-image-169\" alt=\"\" srcset=\"https:\/\/www.maylisdealmeida.fr\/wp-content\/uploads\/2025\/09\/Maylis-13-sur-14-200x300.jpeg 200w, https:\/\/www.maylisdealmeida.fr\/wp-content\/uploads\/2025\/09\/Maylis-13-sur-14.jpeg 427w\" sizes=\"(max-width: 200px) 100vw, 200px\" \/>\t\t\t\t\t\t\t\t\t\t\t\t\t\t\t<\/div>\n\t\t\t\t<\/div>\n\t\t\t\t\t<\/div>\n\t\t\t\t<\/div>\n\t\t<div class=\"elementor-element elementor-element-ad524bf e-flex e-con-boxed e-con e-parent\" data-id=\"ad524bf\" data-element_type=\"container\" data-settings=\"{&quot;background_background&quot;:&quot;gradient&quot;}\">\n\t\t\t\t\t<div class=\"e-con-inner\">\n\t\t<div class=\"elementor-element elementor-element-47e505e e-con-full e-flex e-con e-child\" data-id=\"47e505e\" data-element_type=\"container\">\n\t\t<div class=\"elementor-element elementor-element-94c422f e-con-full e-flex e-con e-child\" data-id=\"94c422f\" data-element_type=\"container\">\n\t\t\t\t<div class=\"elementor-element elementor-element-f53da3f elementor-widget elementor-widget-image\" data-id=\"f53da3f\" data-element_type=\"widget\" data-widget_type=\"image.default\">\n\t\t\t\t<div class=\"elementor-widget-container\">\n\t\t\t\t\t\t\t\t\t\t\t\t\t\t\t<img decoding=\"async\" width=\"427\" height=\"640\" src=\"https:\/\/www.maylisdealmeida.fr\/wp-content\/uploads\/2025\/09\/Maylis-5-sur-14.jpeg\" class=\"attachment-medium_large size-medium_large wp-image-170\" alt=\"\" srcset=\"https:\/\/www.maylisdealmeida.fr\/wp-content\/uploads\/2025\/09\/Maylis-5-sur-14.jpeg 427w, https:\/\/www.maylisdealmeida.fr\/wp-content\/uploads\/2025\/09\/Maylis-5-sur-14-200x300.jpeg 200w\" sizes=\"(max-width: 427px) 100vw, 427px\" \/>\t\t\t\t\t\t\t\t\t\t\t\t\t\t\t<\/div>\n\t\t\t\t<\/div>\n\t\t\t\t<\/div>\n\t\t<div class=\"elementor-element elementor-element-f8e8414 e-con-full e-flex e-con e-child\" data-id=\"f8e8414\" data-element_type=\"container\">\n\t\t\t\t<div class=\"elementor-element elementor-element-cb0c118 elementor-widget elementor-widget-text-editor\" data-id=\"cb0c118\" data-element_type=\"widget\" data-widget_type=\"text-editor.default\">\n\t\t\t\t<div class=\"elementor-widget-container\">\n\t\t\t\t\t\t\t\t\t<p>Educatrice sp\u00e9cialis\u00e9e puis formatrice et coache professionnelle, j\u2019ai longtemps travaill\u00e9 aupr\u00e8s de personnes vivant avec une d\u00e9ficience intellectuelle et leurs accompagnant\u00b7es. J\u2019en ai gard\u00e9 une passion pour chercher \u00e0 vivre et fonctionner ensemble, avec nos diff\u00e9rences et nos communs; en facilitant l\u2019\u00e9change de savoirs et de richesses, qu\u2019ils soient issus des exp\u00e9riences, des connaissances universitaires professionnelles; sans trop s<span dir=\"RTL\" lang=\"AR-SA\">\u2019<\/span>ab\u00eemer individuellement et collectivement.\u00a0\u00a0<\/p>\t\t\t\t\t\t\t\t<\/div>\n\t\t\t\t<\/div>\n\t\t\t\t<div class=\"elementor-element elementor-element-75c8b88 elementor-widget elementor-widget-button\" data-id=\"75c8b88\" data-element_type=\"widget\" data-widget_type=\"button.default\">\n\t\t\t\t<div class=\"elementor-widget-container\">\n\t\t\t\t\t\t\t\t\t<div class=\"elementor-button-wrapper\">\n\t\t\t\t\t<a class=\"elementor-button elementor-button-link elementor-size-sm\" href=\"#\">\n\t\t\t\t\t\t<span class=\"elementor-button-content-wrapper\">\n\t\t\t\t\t\t\t\t\t<span class=\"elementor-button-text\">En savoir plus<\/span>\n\t\t\t\t\t<\/span>\n\t\t\t\t\t<\/a>\n\t\t\t\t<\/div>\n\t\t\t\t\t\t\t\t<\/div>\n\t\t\t\t<\/div>\n\t\t\t\t<\/div>\n\t\t\t\t<\/div>\n\t\t\t\t\t<\/div>\n\t\t\t\t<\/div>\n\t\t<div class=\"elementor-element elementor-element-3c1b3f1 e-flex e-con-boxed e-con e-parent\" data-id=\"3c1b3f1\" data-element_type=\"container\">\n\t\t\t\t\t<div class=\"e-con-inner\">\n\t\t\t\t\t<\/div>\n\t\t\t\t<\/div>\n\t\t<div class=\"elementor-element elementor-element-395a708 e-flex e-con-boxed e-con e-parent\" data-id=\"395a708\" data-element_type=\"container\">\n\t\t\t\t\t<div class=\"e-con-inner\">\n\t\t\t\t<div class=\"elementor-element elementor-element-fd23c6b elementor-widget elementor-widget-spacer\" data-id=\"fd23c6b\" data-element_type=\"widget\" data-widget_type=\"spacer.default\">\n\t\t\t\t<div class=\"elementor-widget-container\">\n\t\t\t\t\t\t\t<div class=\"elementor-spacer\">\n\t\t\t<div class=\"elementor-spacer-inner\"><\/div>\n\t\t<\/div>\n\t\t\t\t\t\t<\/div>\n\t\t\t\t<\/div>\n\t\t<div class=\"elementor-element elementor-element-bef492e e-con-full e-flex e-con e-child\" data-id=\"bef492e\" data-element_type=\"container\">\n\t\t\t\t<div class=\"elementor-element elementor-element-7cf2526 elementor-widget__width-initial elementor-widget elementor-widget-heading\" data-id=\"7cf2526\" data-element_type=\"widget\" data-widget_type=\"heading.default\">\n\t\t\t\t<div class=\"elementor-widget-container\">\n\t\t\t\t\t<h2 class=\"elementor-heading-title elementor-size-default\">Site actuellement en construction<\/h2>\t\t\t\t<\/div>\n\t\t\t\t<\/div>\n\t\t<div class=\"elementor-element elementor-element-5b112f3 e-con-full e-flex e-con e-child\" data-id=\"5b112f3\" data-element_type=\"container\">\n\t\t\t\t<div class=\"elementor-element elementor-element-e555bb8 elementor-view-default elementor-widget elementor-widget-icon\" data-id=\"e555bb8\" data-element_type=\"widget\" data-widget_type=\"icon.default\">\n\t\t\t\t<div class=\"elementor-widget-container\">\n\t\t\t\t\t\t\t<div class=\"elementor-icon-wrapper\">\n\t\t\t<div class=\"elementor-icon\">\n\t\t\t<svg aria-hidden=\"true\" class=\"e-font-icon-svg e-fas-circle\" viewBox=\"0 0 512 512\" xmlns=\"http:\/\/www.w3.org\/2000\/svg\"><path d=\"M256 8C119 8 8 119 8 256s111 248 248 248 248-111 248-248S393 8 256 8z\"><\/path><\/svg>\t\t\t<\/div>\n\t\t<\/div>\n\t\t\t\t\t\t<\/div>\n\t\t\t\t<\/div>\n\t\t\t\t<div class=\"elementor-element elementor-element-862c142 elementor-widget-mobile__width-initial elementor-widget elementor-widget-text-editor\" data-id=\"862c142\" data-element_type=\"widget\" data-widget_type=\"text-editor.default\">\n\t\t\t\t<div class=\"elementor-widget-container\">\n\t\t\t\t\t\t\t\t\t<h3>Vous pouvez d\u00e9j\u00e0 <a href=\"https:\/\/www.maylisdealmeida.fr\/?page_id=176\">me contacter<\/a><\/h3>\t\t\t\t\t\t\t\t<\/div>\n\t\t\t\t<\/div>\n\t\t\t\t<\/div>\n\t\t\t\t<\/div>\n\t\t\t\t<div class=\"elementor-element elementor-element-4180ca5 elementor-widget elementor-widget-spacer\" data-id=\"4180ca5\" data-element_type=\"widget\" data-widget_type=\"spacer.default\">\n\t\t\t\t<div class=\"elementor-widget-container\">\n\t\t\t\t\t\t\t<div class=\"elementor-spacer\">\n\t\t\t<div class=\"elementor-spacer-inner\"><\/div>\n\t\t<\/div>\n\t\t\t\t\t\t<\/div>\n\t\t\t\t<\/div>\n\t\t\t\t\t<\/div>\n\t\t\t\t<\/div>\n\t\t\t\t<\/div>\n\t\t","protected":false},"excerpt":{"rendered":"<p>Vous accompagner dans la gestion A travers la non violence active et la pratique narrative Educatrice sp\u00e9cialis\u00e9e puis formatrice et coache professionnelle, j\u2019ai longtemps travaill\u00e9 aupr\u00e8s de personnes vivant avec une d\u00e9ficience intellectuelle et leurs accompagnant\u00b7es. J\u2019en ai gard\u00e9 une passion pour chercher \u00e0 vivre et fonctionner ensemble, avec nos diff\u00e9rences et nos communs; en [&hellip;]<\/p>\n","protected":false},"author":3,"featured_media":0,"parent":0,"menu_order":0,"comment_status":"closed","ping_status":"closed","template":"","meta":{"ocean_post_layout":"","ocean_both_sidebars_style":"","ocean_both_sidebars_content_width":0,"ocean_both_sidebars_sidebars_width":0,"ocean_sidebar":"","ocean_second_sidebar":"","ocean_disable_margins":"enable","ocean_add_body_class":"","ocean_shortcode_before_top_bar":"","ocean_shortcode_after_top_bar":"","ocean_shortcode_before_header":"","ocean_shortcode_after_header":"","ocean_has_shortcode":"","ocean_shortcode_after_title":"","ocean_shortcode_before_footer_widgets":"","ocean_shortcode_after_footer_widgets":"","ocean_shortcode_before_footer_bottom":"","ocean_shortcode_after_footer_bottom":"","ocean_display_top_bar":"default","ocean_display_header":"default","ocean_header_style":"","ocean_center_header_left_menu":"","ocean_custom_header_template":"","ocean_custom_logo":0,"ocean_custom_retina_logo":0,"ocean_custom_logo_max_width":0,"ocean_custom_logo_tablet_max_width":0,"ocean_custom_logo_mobile_max_width":0,"ocean_custom_logo_max_height":0,"ocean_custom_logo_tablet_max_height":0,"ocean_custom_logo_mobile_max_height":0,"ocean_header_custom_menu":"","ocean_menu_typo_font_family":"","ocean_menu_typo_font_subset":"","ocean_menu_typo_font_size":0,"ocean_menu_typo_font_size_tablet":0,"ocean_menu_typo_font_size_mobile":0,"ocean_menu_typo_font_size_unit":"px","ocean_menu_typo_font_weight":"","ocean_menu_typo_font_weight_tablet":"","ocean_menu_typo_font_weight_mobile":"","ocean_menu_typo_transform":"","ocean_menu_typo_transform_tablet":"","ocean_menu_typo_transform_mobile":"","ocean_menu_typo_line_height":0,"ocean_menu_typo_line_height_tablet":0,"ocean_menu_typo_line_height_mobile":0,"ocean_menu_typo_line_height_unit":"","ocean_menu_typo_spacing":0,"ocean_menu_typo_spacing_tablet":0,"ocean_menu_typo_spacing_mobile":0,"ocean_menu_typo_spacing_unit":"","ocean_menu_link_color":"","ocean_menu_link_color_hover":"","ocean_menu_link_color_active":"","ocean_menu_link_background":"","ocean_menu_link_hover_background":"","ocean_menu_link_active_background":"","ocean_menu_social_links_bg":"","ocean_menu_social_hover_links_bg":"","ocean_menu_social_links_color":"","ocean_menu_social_hover_links_color":"","ocean_disable_title":"default","ocean_disable_heading":"default","ocean_post_title":"","ocean_post_subheading":"","ocean_post_title_style":"","ocean_post_title_background_color":"","ocean_post_title_background":0,"ocean_post_title_bg_image_position":"","ocean_post_title_bg_image_attachment":"","ocean_post_title_bg_image_repeat":"","ocean_post_title_bg_image_size":"","ocean_post_title_height":0,"ocean_post_title_bg_overlay":0.5,"ocean_post_title_bg_overlay_color":"","ocean_disable_breadcrumbs":"default","ocean_breadcrumbs_color":"","ocean_breadcrumbs_separator_color":"","ocean_breadcrumbs_links_color":"","ocean_breadcrumbs_links_hover_color":"","ocean_display_footer_widgets":"default","ocean_display_footer_bottom":"default","ocean_custom_footer_template":"","footnotes":""},"class_list":["post-142","page","type-page","status-publish","hentry","entry"],"_links":{"self":[{"href":"https:\/\/www.maylisdealmeida.fr\/index.php?rest_route=\/wp\/v2\/pages\/142","targetHints":{"allow":["GET"]}}],"collection":[{"href":"https:\/\/www.maylisdealmeida.fr\/index.php?rest_route=\/wp\/v2\/pages"}],"about":[{"href":"https:\/\/www.maylisdealmeida.fr\/index.php?rest_route=\/wp\/v2\/types\/page"}],"author":[{"embeddable":true,"href":"https:\/\/www.maylisdealmeida.fr\/index.php?rest_route=\/wp\/v2\/users\/3"}],"replies":[{"embeddable":true,"href":"https:\/\/www.maylisdealmeida.fr\/index.php?rest_route=%2Fwp%2Fv2%2Fcomments&post=142"}],"version-history":[{"count":21,"href":"https:\/\/www.maylisdealmeida.fr\/index.php?rest_route=\/wp\/v2\/pages\/142\/revisions"}],"predecessor-version":[{"id":274,"href":"https:\/\/www.maylisdealmeida.fr\/index.php?rest_route=\/wp\/v2\/pages\/142\/revisions\/274"}],"wp:attachment":[{"href":"https:\/\/www.maylisdealmeida.fr\/index.php?rest_route=%2Fwp%2Fv2%2Fmedia&parent=142"}],"curies":[{"name":"wp","href":"https:\/\/api.w.org\/{rel}","templated":true}]}}